{"id":1445,"date":"2026-04-04T17:51:09","date_gmt":"2026-04-04T17:51:09","guid":{"rendered":"https:\/\/www.punainenpuuma.fi\/?page_id=1445"},"modified":"2026-04-04T17:51:09","modified_gmt":"2026-04-04T17:51:09","slug":"hinnasto-2","status":"publish","type":"page","link":"https:\/\/www.punainenpuuma.fi\/index.php\/hinnasto-2\/","title":{"rendered":"Hinnasto"},"content":{"rendered":"\n<details class=\"wp-block-details has-large-font-size is-layout-flow wp-block-details-is-layout-flow\"><summary><strong>Hiusten leikkaukset<\/strong><\/summary>\n<p class=\"has-medium-font-size\">Otsatukan leikkaus:&nbsp;&nbsp;17 \u20ac<\/p>\n\n\n\n<p class=\"has-medium-font-size\">Koneajo:&nbsp;20 \u20ac<\/p>\n\n\n\n<p class=\"has-medium-font-size\">Lasten hiustenleikkaus (alle 13v.):&nbsp;26 \u20ac<\/p>\n\n\n\n<p class=\"has-medium-font-size\">Tasoitusleikkaus:&nbsp;&nbsp;30 \u20ac<\/p>\n\n\n\n<p class=\"has-medium-font-size\">Parturileikkaus (max. 30 min.):&nbsp;36 \u20ac<\/p>\n\n\n\n<p class=\"has-medium-font-size\">Kampaamoleikkaus (max. 45 min.):&nbsp;56 \u20ac<\/p>\n\n\n\n<p class=\"has-medium-font-size\">Hiustenleikkaus pitk\u00e4t\/paksut hiukset:&nbsp;61 \u20ac<\/p>\n\n\n\n<p class=\"has-medium-font-size\">Mallinmuutosleikkaus (90 min.):&nbsp;66 \u20ac<\/p>\n<\/details>\n\n\n\n<details class=\"wp-block-details has-large-font-size is-layout-flow wp-block-details-is-layout-flow\"><summary><strong>V\u00e4rj\u00e4ykset<\/strong><\/summary>\n<p class=\"has-medium-font-size\">(hinnat eiv\u00e4t koske esivaalennusta\/ s\u00e4vytyst\u00e4 vaativia t\u00f6it\u00e4)<\/p>\n\n\n\n<p class=\"has-medium-font-size\">Tyviv\u00e4ri:&nbsp;98 \u20ac<\/p>\n\n\n\n<p class=\"has-medium-font-size\">Tyviv\u00e4ri ja leikkaus:&nbsp;108 \u20ac&nbsp;<\/p>\n\n\n\n<p class=\"has-medium-font-size\">Tyvivaalennus:&nbsp;105 \u20ac&nbsp;<\/p>\n\n\n\n<p class=\"has-medium-font-size\">Tyvivaalennus ja leikkaus:&nbsp;115 \u20ac<\/p>\n\n\n\n<p class=\"has-medium-font-size\">V\u00e4ri:&nbsp;110 \u20ac \/ 126 \u20ac \/ 142 \u20ac \/ 157 \u20ac&nbsp;&nbsp;&nbsp;<\/p>\n\n\n\n<p class=\"has-medium-font-size\">V\u00e4ri ja leikkaus:&nbsp;120 \u20ac \/ 136 \u20ac \/ 152 \u20ac \/ 167 \u20ac<\/p>\n\n\n\n<p class=\"has-medium-font-size\">Raidat:&nbsp;120 \u20ac \/ 136 \u20ac \/ 152 \u20ac \/ 161 \u20ac&nbsp;&nbsp;&nbsp;<\/p>\n\n\n\n<p class=\"has-medium-font-size\">Raidat ja leikkaus:&nbsp;131 \u20ac \/ 147 \u20ac \/ 159 \u20ac \/ 169 \u20ac<\/p>\n\n\n\n<p class=\"has-medium-font-size\">Moniv\u00e4ri:&nbsp;132 \u20ac \/ 145 \u20ac \/ 158 \u20ac \/ 171 \u20ac&nbsp;&nbsp;&nbsp;&nbsp;<\/p>\n\n\n\n<p class=\"has-medium-font-size\">Moniv\u00e4ri ja leikkaus:&nbsp;142 \u20ac \/ 155 \u20ac \/ 168 \u20ac \/ 181 \u20ac<\/p>\n<\/details>\n\n\n\n<details class=\"wp-block-details has-large-font-size is-layout-flow wp-block-details-is-layout-flow\"><summary><strong>Hoidot<\/strong><\/summary>\n<p class=\"has-medium-font-size\">Keratiini -hoito:&nbsp;63 \u20ac<\/p>\n\n\n\n<p class=\"has-medium-font-size\">Detox -hoito:&nbsp;58 \u20ac<\/p>\n\n\n\n<p class=\"has-medium-font-size\">Anti-hair loss -hoito:&nbsp;58 \u20ac<\/p>\n\n\n\n<p class=\"has-medium-font-size\">Anti-Dandruff -hoito:&nbsp;58 \u20ac<\/p>\n\n\n\n<p class=\"has-medium-font-size\">Hemmottelu hoito:&nbsp;63 \u20ac<\/p>\n\n\n\n<p class=\"has-medium-font-size\">Colour refresh- hoito:&nbsp;55 \u20ac \/ 65 \u20ac \/ 75 \u20ac \/ 85 \u20ac<\/p>\n<\/details>\n\n\n\n<details class=\"wp-block-details has-large-font-size is-layout-flow wp-block-details-is-layout-flow\"><summary><strong>Kampaukset &amp; Meikkaukset<\/strong><\/summary>\n<p class=\"has-medium-font-size\">Hiusten pesu ja f\u00f6\u00f6naus:&nbsp;40 \u20ac \/44 \u20ac \/48 \u20ac \/52 \u20ac<\/p>\n\n\n\n<p class=\"has-medium-font-size\">Pikakampaus:&nbsp;36 \u20ac<\/p>\n\n\n\n<p class=\"has-medium-font-size\">Juhlakampaus:&nbsp;63 \u20ac<\/p>\n\n\n\n<p class=\"has-medium-font-size\">Vanhojentanssikampaus (sis.suunnittelu):&nbsp;80 \u20ac<\/p>\n\n\n\n<p class=\"has-medium-font-size\">H\u00e4\u00e4kampaus ja suunnittelu:&nbsp;110 \u20ac<\/p>\n\n\n\n<p><\/p>\n\n\n\n<p class=\"has-medium-font-size\">Meikkaukset<\/p>\n\n\n\n<p class=\"has-medium-font-size\">P\u00e4iv\u00e4meikki:&nbsp;&nbsp;50 \u20ac<\/p>\n\n\n\n<p class=\"has-medium-font-size\">Juhlameikki:&nbsp;70 \u20ac<\/p>\n\n\n\n<p class=\"has-medium-font-size\">H\u00e4\u00e4meikki ja suunnittelu:\u00a0120 \u20ac<\/p>\n\n\n\n<p class=\"has-medium-font-size\">My\u00f6s erikoisemmat maskit mahdollisia! Kysy rohkeasti.<\/p>\n<\/details>\n\n\n\n<details class=\"wp-block-details has-large-font-size is-layout-flow wp-block-details-is-layout-flow\"><summary><strong>Ripset &amp; Kulmat<\/strong><\/summary>\n<p class=\"has-medium-font-size\">Ripsien v\u00e4rj\u00e4ys:&nbsp; &nbsp;&nbsp;16 \u20ac<\/p>\n\n\n\n<p class=\"has-medium-font-size\">Kulmien v\u00e4rj\u00e4ys:&nbsp; &nbsp;16 \u20ac<\/p>\n\n\n\n<p class=\"has-medium-font-size\">Kulmien muotoilu:&nbsp;16&nbsp;\u20ac<\/p>\n\n\n\n<p class=\"has-medium-font-size\">Kulmien v\u00e4rj\u00e4ys ja muotoilu:&nbsp;20 \u20ac<\/p>\n\n\n\n<p class=\"has-medium-font-size\">Ripsien ja kulmien v\u00e4rj\u00e4ys:&nbsp; &nbsp;24 \u20ac<\/p>\n\n\n\n<p class=\"has-medium-font-size\">Ripsien ja kulmien v\u00e4rj\u00e4ys ja muotoilu:&nbsp;29 \u20ac<\/p>\n<\/details>\n\n\n\n<details class=\"wp-block-details has-large-font-size is-layout-flow wp-block-details-is-layout-flow\"><summary><strong>Karvojen poisto<\/strong><\/summary>\n<p class=\"has-medium-font-size\">Kasvojen sokerointi:&nbsp;30 \u20ac<\/p>\n\n\n\n<p class=\"has-medium-font-size\">Kainaloiden sokerointi:&nbsp;30 \u20ac<\/p>\n\n\n\n<p class=\"has-medium-font-size\">K\u00e4sivarsien sokerointi:&nbsp;38 \u20ac<\/p>\n\n\n\n<p class=\"has-medium-font-size\">S\u00e4\u00e4rten sokerointi:&nbsp;48 \u20ac<\/p>\n\n\n\n<p class=\"has-medium-font-size\">Reisien sokerointi:&nbsp;48 \u20ac<\/p>\n\n\n\n<p class=\"has-medium-font-size\">Selk\u00e4karvoituksen sokerointi:&nbsp;58 \u20ac<\/p>\n\n\n\n<p class=\"has-medium-font-size\">Selk\u00e4 ja rintakarvoituksen sokerointi:&nbsp;85 \u20ac<\/p>\n\n\n\n<p class=\"has-medium-font-size\">Bikinirajan sokerointi (vain naiset):&nbsp;40 \u20ac<\/p>\n\n\n\n<p class=\"has-medium-font-size\">Brasilialainen sokerointi (vain naiset):&nbsp;75 \u20ac<\/p>\n\n\n\n<p class=\"has-medium-font-size\">Brasilialaisen yll\u00e4pito (vain naiset):&nbsp;50 \u20ac<\/p>\n\n\n\n<p class=\"has-medium-font-size\">Paketti: bikini +kainalot +s\u00e4\u00e4ret (vain naiset):&nbsp;95 \u20ac<\/p>\n\n\n\n<p class=\"has-medium-font-size\">Paketti: brassi +kainalot +s\u00e4\u00e4ret (vain naiset):&nbsp;125 \u20ac<\/p>\n\n\n\n<p><\/p>\n\n\n\n<p class=\"has-medium-font-size\">S\u00e4\u00e4rten vahaus:&nbsp;42 \u20ac<\/p>\n\n\n\n<p class=\"has-medium-font-size\">Reisien vahaus:&nbsp;42 \u20ac<\/p>\n\n\n\n<p class=\"has-medium-font-size\">K\u00e4sivarsien vahaus:&nbsp;32 \u20ac<\/p>\n\n\n\n<p class=\"has-medium-font-size\">Selk\u00e4 ja rintakarvoituksen vahaus:&nbsp;75 \u20ac<\/p>\n<\/details>\n\n\n\n<details class=\"wp-block-details has-large-font-size is-layout-flow wp-block-details-is-layout-flow\"><summary><strong>Hiustenpidennykset<\/strong><\/summary>\n<p class=\"has-medium-font-size\">Ilmainen konsultaatio<\/p>\n\n\n\n<p class=\"has-medium-font-size\">Hiustenpidennyksien laitto:&nbsp;75 \u20ac \/h<\/p>\n\n\n\n<p class=\"has-medium-font-size\">Konsultaatiossa pidennyksiin suunnitellaan toiveittesi mukaiset hiukset ja valitaan sopivat v\u00e4ris\u00e4vyt sek\u00e4 sovitaan laitto aika ja hinta.<\/p>\n<\/details>\n\n\n\n<details class=\"wp-block-details has-large-font-size is-layout-flow wp-block-details-is-layout-flow\"><summary><strong>Permanentti<\/strong><\/summary>\n<p class=\"has-medium-font-size\">Permanentti ja leikkaus:\u00a0137 \u20ac \/147 \u20ac \/157 \u20ac \/167 \u20ac<\/p>\n<\/details>\n\n\n\n<details class=\"wp-block-details has-large-font-size is-layout-flow wp-block-details-is-layout-flow\"><summary><strong>Lis\u00e4palvelut<\/strong><\/summary>\n<p class=\"has-medium-font-size\">\u00a0 \u00a0 \u00a0       \u00a0 \u00a0 \u00a0 \u00a0 \u00a0 \u00a0 lyhyet\/\u00a0 \u00a0 \u00a0 \u00a0 \u00a0 \u00a0 \u00a0 \u00a0pitk\u00e4t\/\u00a0\u00a0\u00a0 \u00a0 \u00a0 \u00a0\u00a0\u00a0\u00a0\u00a0 \u00a0 \u00a0 \u00a0 \u00a0 \u00a0 \u00a0 \u00a0<br>\u00a0 \u00a0 \u00a0 \u00a0 \u00a0  \u00a0 \u00a0 \u00a0 \u00a0 \u00a0 puoli pitk\u00e4t\u00a0 \u00a0 \u00a0 \u00a0 \u00a0extra pitk\u00e4t<\/p>\n\n\n\n<p class=\"has-medium-font-size\">S\u00e4vytys&nbsp;&nbsp; &nbsp; &nbsp; &nbsp; &nbsp; &nbsp;33 \u20ac&nbsp; &nbsp; &nbsp; &nbsp; &nbsp; &nbsp; &nbsp; &nbsp; &nbsp; 43 \u20ac<\/p>\n\n\n\n<p class=\"has-medium-font-size\">Esivaalennus&nbsp; &nbsp; &nbsp;33 \u20ac&nbsp; &nbsp; &nbsp; &nbsp; &nbsp; &nbsp; &nbsp; &nbsp; &nbsp; 43 \u20ac<\/p>\n\n\n\n<p class=\"has-medium-font-size\">Colour \u2013 Kick&nbsp; &nbsp; &nbsp;33 \u20ac&nbsp; &nbsp; &nbsp; &nbsp; &nbsp; &nbsp; &nbsp; &nbsp; &nbsp;43 \u20ac<\/p>\n\n\n\n<p class=\"has-medium-font-size\">Cool&nbsp; &nbsp; &nbsp; &nbsp; &nbsp; &nbsp; &nbsp; &nbsp; &nbsp;&nbsp;33 \u20ac&nbsp; &nbsp; &nbsp; &nbsp; &nbsp; &nbsp; &nbsp; &nbsp; &nbsp;43 \u20ac<\/p>\n\n\n\n<p class=\"has-medium-font-size\">Pastel&nbsp; &nbsp; &nbsp; &nbsp; &nbsp; &nbsp; &nbsp; &nbsp;43 \u20ac&nbsp; &nbsp; &nbsp; &nbsp; &nbsp; &nbsp; &nbsp; &nbsp; &nbsp;53 \u20ac<\/p>\n\n\n\n<p class=\"has-medium-font-size\">Vivid&nbsp; &nbsp; &nbsp; &nbsp; &nbsp; &nbsp; &nbsp; &nbsp; &nbsp;43 \u20ac&nbsp; &nbsp; &nbsp; &nbsp; &nbsp; &nbsp; &nbsp; &nbsp; &nbsp;53 \u20ac<\/p>\n\n\n\n<p class=\"has-medium-font-size\">Paksut hiukset:&nbsp;30 \u20ac<\/p>\n\n\n\n<p class=\"has-medium-font-size\">Hiuspohjan hieronta:&nbsp;15 \u20ac<\/p>\n\n\n\n<p class=\"has-medium-font-size\">Rentouttava kasvohieronta:&nbsp;15 \u20ac<\/p>\n\n\n\n<p class=\"has-medium-font-size\">Gloss \/Kiiltok\u00e4sittely:&nbsp;27 \u20ac<\/p>\n\n\n\n<p class=\"has-medium-font-size\">Keratiini hoito:&nbsp;33 \u20ac<\/p>\n\n\n\n<p class=\"has-medium-font-size\">Detox -hoito:&nbsp;33 \u20ac<\/p>\n\n\n\n<p class=\"has-medium-font-size\">Anti-hair loss -hoito:&nbsp;33 \u20ac<\/p>\n\n\n\n<p class=\"has-medium-font-size\">Anti-Dandruff -hoito:&nbsp;&nbsp;33 \u20ac<\/p>\n\n\n\n<p class=\"has-medium-font-size\">Hiuspohjan hemmottelu hoito:&nbsp;43 \u20ac<\/p>\n\n\n\n<p class=\"has-medium-font-size\">Colour refresh- hoito:&nbsp;40 \u20ac \/ 50 \u20ac \/ 60 \u20ac \/ 70 \u20ac<\/p>\n<\/details>\n","protected":false},"excerpt":{"rendered":"","protected":false},"author":1,"featured_media":0,"parent":0,"menu_order":0,"comment_status":"closed","ping_status":"closed","template":"","meta":{"_uag_custom_page_level_css":"","footnotes":""},"class_list":["post-1445","page","type-page","status-publish","hentry"],"uagb_featured_image_src":{"full":false,"thumbnail":false,"medium":false,"medium_large":false,"large":false,"1536x1536":false,"2048x2048":false,"post-thumbnail":false},"uagb_author_info":{"display_name":"admin","author_link":"https:\/\/www.punainenpuuma.fi\/index.php\/author\/admin\/"},"uagb_comment_info":0,"uagb_excerpt":null,"_links":{"self":[{"href":"https:\/\/www.punainenpuuma.fi\/index.php\/wp-json\/wp\/v2\/pages\/1445","targetHints":{"allow":["GET"]}}],"collection":[{"href":"https:\/\/www.punainenpuuma.fi\/index.php\/wp-json\/wp\/v2\/pages"}],"about":[{"href":"https:\/\/www.punainenpuuma.fi\/index.php\/wp-json\/wp\/v2\/types\/page"}],"author":[{"embeddable":true,"href":"https:\/\/www.punainenpuuma.fi\/index.php\/wp-json\/wp\/v2\/users\/1"}],"replies":[{"embeddable":true,"href":"https:\/\/www.punainenpuuma.fi\/index.php\/wp-json\/wp\/v2\/comments?post=1445"}],"version-history":[{"count":14,"href":"https:\/\/www.punainenpuuma.fi\/index.php\/wp-json\/wp\/v2\/pages\/1445\/revisions"}],"predecessor-version":[{"id":1459,"href":"https:\/\/www.punainenpuuma.fi\/index.php\/wp-json\/wp\/v2\/pages\/1445\/revisions\/1459"}],"wp:attachment":[{"href":"https:\/\/www.punainenpuuma.fi\/index.php\/wp-json\/wp\/v2\/media?parent=1445"}],"curies":[{"name":"wp","href":"https:\/\/api.w.org\/{rel}","templated":true}]}}